{"id":1588,"date":"2024-07-29T13:52:59","date_gmt":"2024-07-29T11:52:59","guid":{"rendered":"https:\/\/leclosmadame.com\/?page_id=1588"},"modified":"2024-07-29T13:53:01","modified_gmt":"2024-07-29T11:53:01","slug":"mentions-legales","status":"publish","type":"page","link":"https:\/\/leclosmadame.com\/index.php\/mentions-legales\/","title":{"rendered":"Mentions l\u00e9gales"},"content":{"rendered":"<h3 class=\"wp-block-heading\">\u00c9diteur du site :<\/h3><p>Ce site Internet est la propri\u00e9t\u00e9 du Domaine Le Clos Madame<br> \u2013 Rte de Tourves<br>83149 BRAS (France) \u2013 Tel : +33 (0) 68 570 61 30<br>Siret : \/\/<\/p><h3 class=\"wp-block-heading\">H\u00e9bergement :<\/h3><p>Ce site est h\u00e9berg\u00e9 par la soci\u00e9t\u00e9 OVH ayant son si\u00e8ge social au 2 rue Kellermann, 59100 Roubaix, FRANCE,<\/p><h3 class=\"wp-block-heading\">R\u00e9alisation du site :<\/h3><p><a href=\"https:\/\/chacunsonsite.fr\/\" target=\"_blank\" rel=\"noopener nofollow\" title=\"\">https:\/\/chacunsonsite.fr\/<\/a><\/p>","protected":false},"excerpt":{"rendered":"<p>\u00c9diteur du site : Ce site Internet est la propri\u00e9t\u00e9 du Domaine Le Clos Madame \u2013 Rte de Tourves83149 BRAS (France) \u2013 Tel : +33 (0) 68 570 61 30Siret : \/\/ H\u00e9bergement : Ce site est h\u00e9berg\u00e9 par la soci\u00e9t\u00e9 OVH ayant son si\u00e8ge social au 2 rue Kellermann, 59100 Roubaix, FRANCE, R\u00e9alisation du site : https:\/\/chacunsonsite.fr\/<\/p>\n","protected":false},"author":1,"featured_media":0,"parent":0,"menu_order":0,"comment_status":"closed","ping_status":"closed","template":"","meta":{"_kad_post_transparent":"","_kad_post_title":"","_kad_post_layout":"","_kad_post_sidebar_id":"","_kad_post_content_style":"","_kad_post_vertical_padding":"","_kad_post_feature":"","_kad_post_feature_position":"","_kad_post_header":false,"_kad_post_footer":false,"footnotes":""},"class_list":["post-1588","page","type-page","status-publish","hentry"],"aioseo_notices":[],"_hostinger_reach_plugin_has_subscription_block":false,"_hostinger_reach_plugin_is_elementor":false,"_links":{"self":[{"href":"https:\/\/leclosmadame.com\/index.php\/wp-json\/wp\/v2\/pages\/1588","targetHints":{"allow":["GET"]}}],"collection":[{"href":"https:\/\/leclosmadame.com\/index.php\/wp-json\/wp\/v2\/pages"}],"about":[{"href":"https:\/\/leclosmadame.com\/index.php\/wp-json\/wp\/v2\/types\/page"}],"author":[{"embeddable":true,"href":"https:\/\/leclosmadame.com\/index.php\/wp-json\/wp\/v2\/users\/1"}],"replies":[{"embeddable":true,"href":"https:\/\/leclosmadame.com\/index.php\/wp-json\/wp\/v2\/comments?post=1588"}],"version-history":[{"count":1,"href":"https:\/\/leclosmadame.com\/index.php\/wp-json\/wp\/v2\/pages\/1588\/revisions"}],"predecessor-version":[{"id":1590,"href":"https:\/\/leclosmadame.com\/index.php\/wp-json\/wp\/v2\/pages\/1588\/revisions\/1590"}],"wp:attachment":[{"href":"https:\/\/leclosmadame.com\/index.php\/wp-json\/wp\/v2\/media?parent=1588"}],"curies":[{"name":"wp","href":"https:\/\/api.w.org\/{rel}","templated":true}]}}