{"id":1672,"date":"2024-07-31T12:54:26","date_gmt":"2024-07-31T10:54:26","guid":{"rendered":"https:\/\/leclosmadame.com\/?page_id=1672"},"modified":"2025-11-07T10:58:19","modified_gmt":"2025-11-07T09:58:19","slug":"nos-oliviers","status":"publish","type":"page","link":"https:\/\/leclosmadame.com\/index.php\/nos-oliviers\/","title":{"rendered":"Nos oliviers"},"content":{"rendered":"\t\t<div data-elementor-type=\"wp-page\" data-elementor-id=\"1672\" class=\"elementor elementor-1672\">\n\t\t\t\t\t\t<section class=\"elementor-section elementor-top-section elementor-element elementor-element-a21c0f3 elementor-section-height-min-height elementor-section-boxed elementor-section-height-default elementor-section-items-middle wpr-particle-no wpr-jarallax-no wpr-parallax-no wpr-sticky-section-no\" data-id=\"a21c0f3\" data-element_type=\"section\" data-settings=\"{&quot;background_background&quot;:&quot;classic&quot;}\">\n\t\t\t\t\t\t\t<div class=\"elementor-background-overlay\"><\/div>\n\t\t\t\t\t\t\t<div class=\"elementor-container elementor-column-gap-default\">\n\t\t\t\t\t<div class=\"elementor-column elementor-col-50 elementor-top-column elementor-element elementor-element-66588689\" data-id=\"66588689\" data-element_type=\"column\">\n\t\t\t<div class=\"elementor-widget-wrap elementor-element-populated\">\n\t\t\t\t\t\t<div class=\"elementor-element elementor-element-46220858 elementor-widget elementor-widget-heading\" data-id=\"46220858\" data-element_type=\"widget\" data-widget_type=\"heading.default\">\n\t\t\t\t<div class=\"elementor-widget-container\">\n\t\t\t\t\t<h1 class=\"elementor-heading-title elementor-size-default\">Nos oliviers<\/h1>\t\t\t\t<\/div>\n\t\t\t\t<\/div>\n\t\t\t\t\t<\/div>\n\t\t<\/div>\n\t\t\t\t<div class=\"elementor-column elementor-col-50 elementor-top-column elementor-element elementor-element-1587ca58\" data-id=\"1587ca58\" data-element_type=\"column\">\n\t\t\t<div class=\"elementor-widget-wrap\">\n\t\t\t\t\t\t\t<\/div>\n\t\t<\/div>\n\t\t\t\t\t<\/div>\n\t\t<\/section>\n\t\t\t\t<section class=\"elementor-section elementor-top-section elementor-element elementor-element-181e76a2 elementor-section-boxed elementor-section-height-default elementor-section-height-default wpr-particle-no wpr-jarallax-no wpr-parallax-no wpr-sticky-section-no\" data-id=\"181e76a2\" data-element_type=\"section\">\n\t\t\t\t\t\t<div class=\"elementor-container elementor-column-gap-default\">\n\t\t\t\t\t<div class=\"elementor-column elementor-col-100 elementor-top-column elementor-element elementor-element-202c9cef\" data-id=\"202c9cef\" data-element_type=\"column\">\n\t\t\t<div class=\"elementor-widget-wrap elementor-element-populated\">\n\t\t\t\t\t\t<section class=\"elementor-section elementor-inner-section elementor-element elementor-element-6dfecc elementor-section-boxed elementor-section-height-default elementor-section-height-default wpr-particle-no wpr-jarallax-no wpr-parallax-no wpr-sticky-section-no\" data-id=\"6dfecc\" data-element_type=\"section\">\n\t\t\t\t\t\t<div class=\"elementor-container elementor-column-gap-default\">\n\t\t\t\t\t<div class=\"elementor-column elementor-col-50 elementor-inner-column elementor-element elementor-element-4fa0a5f3\" data-id=\"4fa0a5f3\" data-element_type=\"column\">\n\t\t\t<div class=\"elementor-widget-wrap elementor-element-populated\">\n\t\t\t\t\t\t<div class=\"elementor-element elementor-element-67fd0267 elementor-widget elementor-widget-heading\" data-id=\"67fd0267\" data-element_type=\"widget\" data-widget_type=\"heading.default\">\n\t\t\t\t<div class=\"elementor-widget-container\">\n\t\t\t\t\t<h2 class=\"elementor-heading-title elementor-size-default\">Histoire et Importance Culturelle des Oliviers<\/h2>\t\t\t\t<\/div>\n\t\t\t\t<\/div>\n\t\t\t\t<div class=\"elementor-element elementor-element-56c271e elementor-widget elementor-widget-text-editor\" data-id=\"56c271e\" data-element_type=\"widget\" data-widget_type=\"text-editor.default\">\n\t\t\t\t<div class=\"elementor-widget-container\">\n\t\t\t\t\t\t\t\t\t<p>Les oliviers ont une histoire riche et profonde qui remonte \u00e0 plusieurs mill\u00e9naires. Originaires de la r\u00e9gion m\u00e9diterran\u00e9enne, ces arbres symbolisent la paix, la sagesse et la prosp\u00e9rit\u00e9 dans de nombreuses cultures.<\/p><p>En Gr\u00e8ce antique, l&rsquo;olivier \u00e9tait sacr\u00e9 pour Ath\u00e9na, la d\u00e9esse de la sagesse. \u00c0 Rome, les couronnes de laurier et d&rsquo;olivier \u00e9taient utilis\u00e9es pour honorer les h\u00e9ros et les empereurs.<\/p><p>Dans les textes bibliques et coraniques, l&rsquo;olivier est \u00e9galement un symbole spirituel important.<\/p><p>Aujourd&rsquo;hui, l&rsquo;olivier continue d&rsquo;occuper une place centrale dans les cultures m\u00e9diterran\u00e9ennes, non seulement comme source de nourriture, mais aussi comme un \u00e9l\u00e9ment fondamental du paysage et du patrimoine culturel.<\/p>\t\t\t\t\t\t\t\t<\/div>\n\t\t\t\t<\/div>\n\t\t\t\t\t<\/div>\n\t\t<\/div>\n\t\t\t\t<div class=\"elementor-column elementor-col-50 elementor-inner-column elementor-element elementor-element-69e61c34\" data-id=\"69e61c34\" data-element_type=\"column\">\n\t\t\t<div class=\"elementor-widget-wrap elementor-element-populated\">\n\t\t\t\t\t\t<div class=\"elementor-element elementor-element-4f4e1ffd elementor-widget elementor-widget-image\" data-id=\"4f4e1ffd\" data-element_type=\"widget\" data-widget_type=\"image.default\">\n\t\t\t\t<div class=\"elementor-widget-container\">\n\t\t\t\t\t\t\t\t\t\t\t\t\t\t\t<img decoding=\"async\" src=\"https:\/\/leclosmadame.com\/wp-content\/uploads\/2024\/08\/IMG_0237-scaled.jpg\" title=\"IMG_0237\" alt=\"IMG_0237\" loading=\"lazy\" \/>\t\t\t\t\t\t\t\t\t\t\t\t\t\t\t<\/div>\n\t\t\t\t<\/div>\n\t\t\t\t\t<\/div>\n\t\t<\/div>\n\t\t\t\t\t<\/div>\n\t\t<\/section>\n\t\t\t\t<section class=\"elementor-section elementor-inner-section elementor-element elementor-element-2b600a1 elementor-section-boxed elementor-section-height-default elementor-section-height-default wpr-particle-no wpr-jarallax-no wpr-parallax-no wpr-sticky-section-no\" data-id=\"2b600a1\" data-element_type=\"section\">\n\t\t\t\t\t\t<div class=\"elementor-container elementor-column-gap-default\">\n\t\t\t\t\t<div class=\"elementor-column elementor-col-50 elementor-inner-column elementor-element elementor-element-900bd75\" data-id=\"900bd75\" data-element_type=\"column\">\n\t\t\t<div class=\"elementor-widget-wrap elementor-element-populated\">\n\t\t\t\t\t\t<div class=\"elementor-element elementor-element-a38762f elementor-widget elementor-widget-image\" data-id=\"a38762f\" data-element_type=\"widget\" data-widget_type=\"image.default\">\n\t\t\t\t<div class=\"elementor-widget-container\">\n\t\t\t\t\t\t\t\t\t\t\t\t\t\t\t<img decoding=\"async\" src=\"https:\/\/leclosmadame.com\/wp-content\/uploads\/2024\/08\/IMG_0248-scaled.jpg\" title=\"IMG_0248\" alt=\"IMG_0248\" loading=\"lazy\" \/>\t\t\t\t\t\t\t\t\t\t\t\t\t\t\t<\/div>\n\t\t\t\t<\/div>\n\t\t\t\t<div class=\"elementor-element elementor-element-3622bf8 elementor-widget__width-initial elementor-widget elementor-widget-image\" data-id=\"3622bf8\" data-element_type=\"widget\" data-widget_type=\"image.default\">\n\t\t\t\t<div class=\"elementor-widget-container\">\n\t\t\t\t\t\t\t\t\t\t\t\t\t\t\t<img fetchpriority=\"high\" decoding=\"async\" width=\"768\" height=\"1024\" src=\"https:\/\/leclosmadame.com\/wp-content\/uploads\/2024\/08\/IMG_0209-768x1024.jpg\" class=\"attachment-large size-large wp-image-1981\" alt=\"\" srcset=\"https:\/\/leclosmadame.com\/wp-content\/uploads\/2024\/08\/IMG_0209-768x1024.jpg 768w, https:\/\/leclosmadame.com\/wp-content\/uploads\/2024\/08\/IMG_0209-225x300.jpg 225w, https:\/\/leclosmadame.com\/wp-content\/uploads\/2024\/08\/IMG_0209-1152x1536.jpg 1152w, https:\/\/leclosmadame.com\/wp-content\/uploads\/2024\/08\/IMG_0209-1536x2048.jpg 1536w, https:\/\/leclosmadame.com\/wp-content\/uploads\/2024\/08\/IMG_0209-600x800.jpg 600w, https:\/\/leclosmadame.com\/wp-content\/uploads\/2024\/08\/IMG_0209-scaled.jpg 1920w\" sizes=\"(max-width: 768px) 100vw, 768px\" \/>\t\t\t\t\t\t\t\t\t\t\t\t\t\t\t<\/div>\n\t\t\t\t<\/div>\n\t\t\t\t\t<\/div>\n\t\t<\/div>\n\t\t\t\t<div class=\"elementor-column elementor-col-50 elementor-inner-column elementor-element elementor-element-7b8eaee\" data-id=\"7b8eaee\" data-element_type=\"column\">\n\t\t\t<div class=\"elementor-widget-wrap elementor-element-populated\">\n\t\t\t\t\t\t<div class=\"elementor-element elementor-element-7364fa4 elementor-widget elementor-widget-heading\" data-id=\"7364fa4\" data-element_type=\"widget\" data-widget_type=\"heading.default\">\n\t\t\t\t<div class=\"elementor-widget-container\">\n\t\t\t\t\t<h2 class=\"elementor-heading-title elementor-size-default\">Cultivation et Caract\u00e9ristiques Botaniques des Oliviers<\/h2>\t\t\t\t<\/div>\n\t\t\t\t<\/div>\n\t\t\t\t<div class=\"elementor-element elementor-element-4f215a8 elementor-widget elementor-widget-text-editor\" data-id=\"4f215a8\" data-element_type=\"widget\" data-widget_type=\"text-editor.default\">\n\t\t\t\t<div class=\"elementor-widget-container\">\n\t\t\t\t\t\t\t\t\t<p>L&rsquo;olivier, ou Olea europaea, est un arbre \u00e0 feuillage persistant qui peut vivre plusieurs si\u00e8cles, voire des mill\u00e9naires.<\/p><p>Il pr\u00e9f\u00e8re les climats chauds et secs et est particuli\u00e8rement bien adapt\u00e9 aux sols pauvres et rocailleux.<\/p><p>Les oliviers ont un tronc noueux et tortueux, souvent creux, et peuvent atteindre une hauteur de 10 \u00e0 20 m\u00e8tres. Ils sont connus pour leur r\u00e9silience et leur capacit\u00e9 \u00e0 repousser m\u00eame apr\u00e8s avoir \u00e9t\u00e9 coup\u00e9s ou br\u00fbl\u00e9s.<\/p><p>La floraison des oliviers a lieu au printemps, et les fruits, les olives, m\u00fbrissent \u00e0 la fin de l&rsquo;\u00e9t\u00e9 ou \u00e0 l&rsquo;automne.<\/p><p>Les diff\u00e9rentes vari\u00e9t\u00e9s d&rsquo;olives peuvent produire des fruits de tailles et de saveurs vari\u00e9es, allant de petites olives noires \u00e0 des olives vertes plus grandes.<\/p>\t\t\t\t\t\t\t\t<\/div>\n\t\t\t\t<\/div>\n\t\t\t\t\t<\/div>\n\t\t<\/div>\n\t\t\t\t\t<\/div>\n\t\t<\/section>\n\t\t\t\t\t<\/div>\n\t\t<\/div>\n\t\t\t\t\t<\/div>\n\t\t<\/section>\n\t\t<div class=\"elementor-element elementor-element-9a5c1b8 e-flex e-con-boxed wpr-particle-no wpr-jarallax-no wpr-parallax-no wpr-sticky-section-no e-con e-parent\" data-id=\"9a5c1b8\" data-element_type=\"container\">\n\t\t\t\t\t<div class=\"e-con-inner\">\n\t\t\t\t\t<\/div>\n\t\t\t\t<\/div>\n\t\t\t\t<\/div>\n\t\t","protected":false},"excerpt":{"rendered":"<p>Nos oliviers Histoire et Importance Culturelle des Oliviers Les oliviers ont une histoire riche et profonde qui remonte \u00e0 plusieurs mill\u00e9naires. Originaires de la r\u00e9gion m\u00e9diterran\u00e9enne, ces arbres symbolisent la paix, la sagesse et la prosp\u00e9rit\u00e9 dans de nombreuses cultures. En Gr\u00e8ce antique, l&rsquo;olivier \u00e9tait sacr\u00e9 pour Ath\u00e9na, la d\u00e9esse de la sagesse. \u00c0 Rome, les couronnes de laurier et d&rsquo;olivier \u00e9taient utilis\u00e9es pour honorer les h\u00e9ros et les empereurs. Dans les textes bibliques et coraniques, l&rsquo;olivier est \u00e9galement un symbole spirituel important. Aujourd&rsquo;hui, l&rsquo;olivier continue d&rsquo;occuper une place centrale dans les cultures m\u00e9diterran\u00e9ennes, non seulement comme source de nourriture, mais aussi comme un \u00e9l\u00e9ment fondamental du paysage et du patrimoine culturel. Cultivation et Caract\u00e9ristiques Botaniques des Oliviers L&rsquo;olivier, ou Olea europaea, est un arbre \u00e0 feuillage persistant qui peut vivre plusieurs si\u00e8cles, voire des mill\u00e9naires. Il pr\u00e9f\u00e8re les climats chauds et secs et est particuli\u00e8rement bien adapt\u00e9 aux sols pauvres et rocailleux. Les oliviers ont un tronc noueux et tortueux, souvent creux, et peuvent atteindre une hauteur de 10 \u00e0 20 m\u00e8tres. Ils sont connus pour leur r\u00e9silience et leur capacit\u00e9 \u00e0 repousser m\u00eame apr\u00e8s avoir \u00e9t\u00e9 coup\u00e9s ou br\u00fbl\u00e9s. La floraison des oliviers a lieu au printemps, et les fruits, les olives, m\u00fbrissent \u00e0 la fin de l&rsquo;\u00e9t\u00e9 ou \u00e0 l&rsquo;automne. Les diff\u00e9rentes vari\u00e9t\u00e9s d&rsquo;olives peuvent produire des fruits de tailles et de saveurs vari\u00e9es, allant de petites olives noires \u00e0 des olives vertes plus grandes.<\/p>\n","protected":false},"author":1,"featured_media":0,"parent":0,"menu_order":0,"comment_status":"closed","ping_status":"closed","template":"","meta":{"_kad_post_transparent":"","_kad_post_title":"hide","_kad_post_layout":"fullwidth","_kad_post_sidebar_id":"","_kad_post_content_style":"unboxed","_kad_post_vertical_padding":"hide","_kad_post_feature":"hide","_kad_post_feature_position":"","_kad_post_header":false,"_kad_post_footer":false,"footnotes":""},"class_list":["post-1672","page","type-page","status-publish","hentry"],"aioseo_notices":[],"_hostinger_reach_plugin_has_subscription_block":false,"_hostinger_reach_plugin_is_elementor":false,"_links":{"self":[{"href":"https:\/\/leclosmadame.com\/index.php\/wp-json\/wp\/v2\/pages\/1672","targetHints":{"allow":["GET"]}}],"collection":[{"href":"https:\/\/leclosmadame.com\/index.php\/wp-json\/wp\/v2\/pages"}],"about":[{"href":"https:\/\/leclosmadame.com\/index.php\/wp-json\/wp\/v2\/types\/page"}],"author":[{"embeddable":true,"href":"https:\/\/leclosmadame.com\/index.php\/wp-json\/wp\/v2\/users\/1"}],"replies":[{"embeddable":true,"href":"https:\/\/leclosmadame.com\/index.php\/wp-json\/wp\/v2\/comments?post=1672"}],"version-history":[{"count":58,"href":"https:\/\/leclosmadame.com\/index.php\/wp-json\/wp\/v2\/pages\/1672\/revisions"}],"predecessor-version":[{"id":2182,"href":"https:\/\/leclosmadame.com\/index.php\/wp-json\/wp\/v2\/pages\/1672\/revisions\/2182"}],"wp:attachment":[{"href":"https:\/\/leclosmadame.com\/index.php\/wp-json\/wp\/v2\/media?parent=1672"}],"curies":[{"name":"wp","href":"https:\/\/api.w.org\/{rel}","templated":true}]}}