{"id":1569,"date":"2024-07-29T13:28:14","date_gmt":"2024-07-29T11:28:14","guid":{"rendered":"https:\/\/leclosmadame.com\/?post_type=product&#038;p=1569"},"modified":"2024-07-31T23:23:26","modified_gmt":"2024-07-31T21:23:26","slug":"rose","status":"publish","type":"product","link":"https:\/\/leclosmadame.com\/index.php\/produit\/rose\/","title":{"rendered":"Ros\u00e9"},"content":{"rendered":"<p>Attention l&rsquo;abus d&rsquo;alcool est dangereux pour la sant\u00e9.<\/p>\n","protected":false},"excerpt":{"rendered":"<p>Ros\u00e9 de Provence, terroir des collines, ce vin accompagnera d\u00e9licieusement ap\u00e9ritifs, entr\u00e9es grillades et desserts.<\/p>\n<p><strong>C\u00e9page(s) :<\/strong> 60% Grenache, 40% Syrah<br \/>\n<strong>R\u00e9gion :<\/strong> Var, France<strong><br \/>\nContenance : <\/strong>75 cl<strong><br \/>\nPourcentage d&rsquo;alcool : <\/strong>12.5%<strong><br \/>\nCertification : <\/strong>HVE, Bio<strong><br \/>\nAccords mets et vins : <\/strong>Ap\u00e9ritif, viandes rouges&#8230;<\/p>\n","protected":false},"featured_media":516,"comment_status":"open","ping_status":"closed","template":"","meta":{"_kad_post_transparent":"default","_kad_post_title":"","_kad_post_layout":"default","_kad_post_sidebar_id":"","_kad_post_content_style":"default","_kad_post_vertical_padding":"default","_kad_post_feature":"","_kad_post_feature_position":"","_kad_post_header":false,"_kad_post_footer":false},"product_brand":[],"product_cat":[24],"product_tag":[],"class_list":{"0":"post-1569","1":"product","2":"type-product","3":"status-publish","4":"has-post-thumbnail","6":"product_cat-nos-vins","8":"first","9":"instock","10":"shipping-taxable","11":"product-type-simple","12":"entry","13":"content-bg","14":"loop-entry"},"aioseo_notices":[],"_links":{"self":[{"href":"https:\/\/leclosmadame.com\/index.php\/wp-json\/wp\/v2\/product\/1569","targetHints":{"allow":["GET"]}}],"collection":[{"href":"https:\/\/leclosmadame.com\/index.php\/wp-json\/wp\/v2\/product"}],"about":[{"href":"https:\/\/leclosmadame.com\/index.php\/wp-json\/wp\/v2\/types\/product"}],"replies":[{"embeddable":true,"href":"https:\/\/leclosmadame.com\/index.php\/wp-json\/wp\/v2\/comments?post=1569"}],"wp:featuredmedia":[{"embeddable":true,"href":"https:\/\/leclosmadame.com\/index.php\/wp-json\/wp\/v2\/media\/516"}],"wp:attachment":[{"href":"https:\/\/leclosmadame.com\/index.php\/wp-json\/wp\/v2\/media?parent=1569"}],"wp:term":[{"taxonomy":"product_brand","embeddable":true,"href":"https:\/\/leclosmadame.com\/index.php\/wp-json\/wp\/v2\/product_brand?post=1569"},{"taxonomy":"product_cat","embeddable":true,"href":"https:\/\/leclosmadame.com\/index.php\/wp-json\/wp\/v2\/product_cat?post=1569"},{"taxonomy":"product_tag","embeddable":true,"href":"https:\/\/leclosmadame.com\/index.php\/wp-json\/wp\/v2\/product_tag?post=1569"}],"curies":[{"name":"wp","href":"https:\/\/api.w.org\/{rel}","templated":true}]}}